{"id":1551,"date":"2025-03-15T10:10:29","date_gmt":"2025-03-15T10:10:29","guid":{"rendered":"https:\/\/cihankartalbioenerji.com\/?page_id=1551"},"modified":"2025-03-15T10:30:36","modified_gmt":"2025-03-15T10:30:36","slug":"danismanlik-2","status":"publish","type":"page","link":"https:\/\/cihankartalbioenerji.com\/tr\/danismanlik-2\/","title":{"rendered":"Dan\u0131\u015fmanl\u0131k"},"content":{"rendered":"\t\t<div data-elementor-type=\"wp-page\" data-elementor-id=\"1551\" class=\"elementor elementor-1551\">\n\t\t\t\t<div class=\"elementor-element elementor-element-12045cc e-con-full e-flex wpr-particle-no wpr-jarallax-no wpr-parallax-no wpr-sticky-section-no e-con e-parent\" data-id=\"12045cc\" data-element_type=\"container\">\n\t\t<div class=\"elementor-element elementor-element-204d78e e-flex e-con-boxed wpr-particle-no wpr-jarallax-no wpr-parallax-no wpr-sticky-section-no e-con e-child\" data-id=\"204d78e\" data-element_type=\"container\" data-settings=\"{&quot;background_background&quot;:&quot;classic&quot;}\">\n\t\t\t\t\t<div class=\"e-con-inner\">\n\t\t\t\t<div class=\"elementor-element elementor-element-ba96ad1 elementor-icon-list--layout-inline elementor-mobile-align-center elementor-list-item-link-full_width elementor-widget elementor-widget-icon-list\" data-id=\"ba96ad1\" data-element_type=\"widget\" data-widget_type=\"icon-list.default\">\n\t\t\t\t<div class=\"elementor-widget-container\">\n\t\t\t\t\t\t\t<ul class=\"elementor-icon-list-items elementor-inline-items\">\n\t\t\t\t\t\t\t<li class=\"elementor-icon-list-item elementor-inline-item\">\n\t\t\t\t\t\t\t\t\t\t\t<a href=\"tel:+905374002440\">\n\n\t\t\t\t\t\t\t\t\t\t\t\t<span class=\"elementor-icon-list-icon\">\n\t\t\t\t\t\t\t<i aria-hidden=\"true\" class=\"icon icon-phone-handset\"><\/i>\t\t\t\t\t\t<\/span>\n\t\t\t\t\t\t\t\t\t\t<span class=\"elementor-icon-list-text\">+90 537 400 24 40<\/span>\n\t\t\t\t\t\t\t\t\t\t\t<\/a>\n\t\t\t\t\t\t\t\t\t<\/li>\n\t\t\t\t\t\t\t\t<li class=\"elementor-icon-list-item elementor-inline-item\">\n\t\t\t\t\t\t\t\t\t\t\t<a href=\"mailto:info@cihankartalbioenerji.com\">\n\n\t\t\t\t\t\t\t\t\t\t\t\t<span class=\"elementor-icon-list-icon\">\n\t\t\t\t\t\t\t<i aria-hidden=\"true\" class=\"icon icon-mail\"><\/i>\t\t\t\t\t\t<\/span>\n\t\t\t\t\t\t\t\t\t\t<span class=\"elementor-icon-list-text\">info@cihankartalbioenerji.com<\/span>\n\t\t\t\t\t\t\t\t\t\t\t<\/a>\n\t\t\t\t\t\t\t\t\t<\/li>\n\t\t\t\t\t\t\t\t<li class=\"elementor-icon-list-item elementor-inline-item\">\n\t\t\t\t\t\t\t\t\t\t\t<span class=\"elementor-icon-list-icon\">\n\t\t\t\t\t\t\t<svg aria-hidden=\"true\" class=\"e-font-icon-svg e-fas-map-marker-alt\" viewBox=\"0 0 384 512\" xmlns=\"http:\/\/www.w3.org\/2000\/svg\"><path d=\"M172.268 501.67C26.97 291.031 0 269.413 0 192 0 85.961 85.961 0 192 0s192 85.961 192 192c0 77.413-26.97 99.031-172.268 309.67-9.535 13.774-29.93 13.773-39.464 0zM192 272c44.183 0 80-35.817 80-80s-35.817-80-80-80-80 35.817-80 80 35.817 80 80 80z\"><\/path><\/svg>\t\t\t\t\t\t<\/span>\n\t\t\t\t\t\t\t\t\t\t<span class=\"elementor-icon-list-text\">Kad\u0131k\u00f6y \/ \u0130stanbul<\/span>\n\t\t\t\t\t\t\t\t\t<\/li>\n\t\t\t\t\t\t<\/ul>\n\t\t\t\t\t\t<\/div>\n\t\t\t\t<\/div>\n\t\t\t\t<div class=\"elementor-element elementor-element-7eec41c elementor-widget elementor-widget-elementskit-social-media\" data-id=\"7eec41c\" data-element_type=\"widget\" data-widget_type=\"elementskit-social-media.default\">\n\t\t\t\t<div class=\"elementor-widget-container\">\n\t\t\t\t\t<div class=\"ekit-wid-con\" >\t\t\t <ul class=\"ekit_social_media\">\n\t\t\t\t\t\t\t\t\t\t\t\t\t\t<li class=\"elementor-repeater-item-e2aa959\">\n\t\t\t\t\t    <a\n\t\t\t\t\t\thref=\"https:\/\/www.instagram.com\/cihankartal_bioenerji\/\" aria-label=\"Instagram\" class=\"1\" >\n\t\t\t\t\t\t\t\n\t\t\t\t\t\t\t<i aria-hidden=\"true\" class=\"icon icon-instagram-1\"><\/i>\n                                                                                                            <\/a>\n                    <\/li>\n                    \t\t\t\t\t\t\t<\/ul>\n\t\t<\/div>\t\t\t\t<\/div>\n\t\t\t\t<\/div>\n\t\t\t\t\t<\/div>\n\t\t\t\t<\/div>\n\t\t<div class=\"elementor-element elementor-element-74e5716 e-flex e-con-boxed wpr-particle-no wpr-jarallax-no wpr-parallax-no wpr-sticky-section-no e-con e-child\" data-id=\"74e5716\" data-element_type=\"container\">\n\t\t\t\t\t<div class=\"e-con-inner\">\n\t\t<div class=\"elementor-element elementor-element-add8d14 e-con-full e-flex wpr-particle-no wpr-jarallax-no wpr-parallax-no wpr-sticky-section-no e-con e-child\" data-id=\"add8d14\" data-element_type=\"container\">\n\t\t\t\t<div class=\"elementor-element elementor-element-5369ab1 elementor-widget__width-auto elementor-widget elementor-widget-image\" data-id=\"5369ab1\" data-element_type=\"widget\" data-widget_type=\"image.default\">\n\t\t\t\t<div class=\"elementor-widget-container\">\n\t\t\t\t\t\t\t\t\t\t\t\t\t\t\t<img fetchpriority=\"high\" decoding=\"async\" width=\"688\" height=\"350\" src=\"https:\/\/cihankartalbioenerji.com\/wp-content\/uploads\/2025\/02\/CK-Mavi-Beyaz2.png\" class=\"attachment-full size-full wp-image-1383\" alt=\"\" srcset=\"https:\/\/cihankartalbioenerji.com\/wp-content\/uploads\/2025\/02\/CK-Mavi-Beyaz2.png 688w, https:\/\/cihankartalbioenerji.com\/wp-content\/uploads\/2025\/02\/CK-Mavi-Beyaz2-300x153.png 300w, https:\/\/cihankartalbioenerji.com\/wp-content\/uploads\/2025\/02\/CK-Mavi-Beyaz2-18x9.png 18w, https:\/\/cihankartalbioenerji.com\/wp-content\/uploads\/2025\/02\/CK-Mavi-Beyaz2-600x305.png 600w\" sizes=\"(max-width: 688px) 100vw, 688px\" \/>\t\t\t\t\t\t\t\t\t\t\t\t\t\t\t<\/div>\n\t\t\t\t<\/div>\n\t\t\t\t<\/div>\n\t\t<div class=\"elementor-element elementor-element-9654f6d e-con-full e-flex wpr-particle-no wpr-jarallax-no wpr-parallax-no wpr-sticky-section-no e-con e-child\" data-id=\"9654f6d\" data-element_type=\"container\">\n\t\t\t\t<div class=\"elementor-element elementor-element-febe6a7 elementor-widget__width-auto elementor-widget elementor-widget-ekit-nav-menu\" data-id=\"febe6a7\" data-element_type=\"widget\" data-widget_type=\"ekit-nav-menu.default\">\n\t\t\t\t<div class=\"elementor-widget-container\">\n\t\t\t\t\t\t\t<nav class=\"ekit-wid-con ekit_menu_responsive_tablet\" \n\t\t\tdata-hamburger-icon=\"\" \n\t\t\tdata-hamburger-icon-type=\"icon\" \n\t\t\tdata-responsive-breakpoint=\"1024\">\n\t\t\t            <button class=\"elementskit-menu-hamburger elementskit-menu-toggler\"  type=\"button\" aria-label=\"hamburger-icon\">\n                                    <span class=\"elementskit-menu-hamburger-icon\"><\/span><span class=\"elementskit-menu-hamburger-icon\"><\/span><span class=\"elementskit-menu-hamburger-icon\"><\/span>\n                            <\/button>\n            <div id=\"ekit-megamenu-main-menu\" class=\"elementskit-menu-container elementskit-menu-offcanvas-elements elementskit-navbar-nav-default ekit-nav-menu-one-page-no ekit-nav-dropdown-hover\"><ul id=\"menu-main-menu\" class=\"elementskit-navbar-nav elementskit-menu-po-center submenu-click-on-icon\"><li id=\"menu-item-1116\" class=\"menu-item menu-item-type-post_type menu-item-object-page menu-item-home menu-item-1116 nav-item elementskit-mobile-builder-content\" data-vertical-menu=750px><a href=\"https:\/\/cihankartalbioenerji.com\/tr\/\" class=\"ekit-menu-nav-link\">Ana Sayfa<\/a><\/li>\n<li id=\"menu-item-1115\" class=\"menu-item menu-item-type-post_type menu-item-object-page menu-item-1115 nav-item elementskit-mobile-builder-content\" data-vertical-menu=750px><a href=\"https:\/\/cihankartalbioenerji.com\/tr\/hakkimda\/\" class=\"ekit-menu-nav-link\">Hakk\u0131mda<\/a><\/li>\n<li id=\"menu-item-1570\" class=\"menu-item menu-item-type-post_type menu-item-object-page menu-item-has-children menu-item-1570 nav-item elementskit-dropdown-has relative_position elementskit-dropdown-menu-default_width elementskit-mobile-builder-content\" data-vertical-menu=750px><a href=\"https:\/\/cihankartalbioenerji.com\/tr\/danismanlik-2\/\" class=\"ekit-menu-nav-link ekit-menu-dropdown-toggle\">Dan\u0131\u015fmanl\u0131k<i aria-hidden=\"true\" class=\"icon icon-down-arrow1 elementskit-submenu-indicator\"><\/i><\/a>\n<ul class=\"elementskit-dropdown elementskit-submenu-panel\">\n\t<li id=\"menu-item-1600\" class=\"menu-item menu-item-type-post_type menu-item-object-page menu-item-1600 nav-item elementskit-mobile-builder-content\" data-vertical-menu=750px><a href=\"https:\/\/cihankartalbioenerji.com\/tr\/bireysel-danismanlik\/\" class=\" dropdown-item\">Bireysel Dan\u0131\u015fmanl\u0131k<\/a>\t<li id=\"menu-item-1601\" class=\"menu-item menu-item-type-post_type menu-item-object-page menu-item-1601 nav-item elementskit-mobile-builder-content\" data-vertical-menu=750px><a href=\"https:\/\/cihankartalbioenerji.com\/tr\/aile-danismanligi-3\/\" class=\" dropdown-item\">\u0130li\u015fki Dan\u0131\u015fmanl\u0131\u011f\u0131<\/a>\t<li id=\"menu-item-1607\" class=\"menu-item menu-item-type-post_type menu-item-object-page menu-item-1607 nav-item elementskit-mobile-builder-content\" data-vertical-menu=750px><a href=\"https:\/\/cihankartalbioenerji.com\/tr\/soru-cevap\/\" class=\" dropdown-item\">Soru ve Cevap Seans\u0131<\/a>\t<li id=\"menu-item-1602\" class=\"menu-item menu-item-type-post_type menu-item-object-page menu-item-1602 nav-item elementskit-mobile-builder-content\" data-vertical-menu=750px><a href=\"https:\/\/cihankartalbioenerji.com\/tr\/aile-danismanligi-2\/\" class=\" dropdown-item\">Aile Dan\u0131\u015fmanl\u0131\u011f\u0131<\/a>\t<li id=\"menu-item-1599\" class=\"menu-item menu-item-type-post_type menu-item-object-page menu-item-1599 nav-item elementskit-mobile-builder-content\" data-vertical-menu=750px><a href=\"https:\/\/cihankartalbioenerji.com\/tr\/grup-danismanligi\/\" class=\" dropdown-item\">Grup Dan\u0131\u015fmanl\u0131\u011f\u0131<\/a><\/ul>\n<\/li>\n<li id=\"menu-item-1474\" class=\"menu-item menu-item-type-post_type menu-item-object-page menu-item-has-children menu-item-1474 nav-item elementskit-dropdown-has relative_position elementskit-dropdown-menu-default_width elementskit-mobile-builder-content\" data-vertical-menu=750px><a href=\"https:\/\/cihankartalbioenerji.com\/tr\/danismanlik-copy\/\" class=\"ekit-menu-nav-link ekit-menu-dropdown-toggle\">E\u011fitimler<i aria-hidden=\"true\" class=\"icon icon-down-arrow1 elementskit-submenu-indicator\"><\/i><\/a>\n<ul class=\"elementskit-dropdown elementskit-submenu-panel\">\n\t<li id=\"menu-item-1475\" class=\"menu-item menu-item-type-post_type menu-item-object-page menu-item-1475 nav-item elementskit-mobile-builder-content\" data-vertical-menu=750px><a href=\"https:\/\/cihankartalbioenerji.com\/tr\/aile-danismanligi-paketi\/\" class=\" dropdown-item\">Aile Dan\u0131\u015fmanl\u0131\u011f\u0131 Paketi<\/a>\t<li id=\"menu-item-1476\" class=\"menu-item menu-item-type-post_type menu-item-object-page menu-item-1476 nav-item elementskit-mobile-builder-content\" data-vertical-menu=750px><a href=\"https:\/\/cihankartalbioenerji.com\/tr\/aile-danismanligi\/\" class=\" dropdown-item\">Ko\u00e7luk ve Dan\u0131\u015fmanl\u0131k<\/a>\t<li id=\"menu-item-1477\" class=\"menu-item menu-item-type-post_type menu-item-object-page menu-item-1477 nav-item elementskit-mobile-builder-content\" data-vertical-menu=750px><a href=\"https:\/\/cihankartalbioenerji.com\/tr\/cocuk-gelisimi\/\" class=\" dropdown-item\">\u00c7ocuk Geli\u015fimi<\/a><\/ul>\n<\/li>\n<li id=\"menu-item-1247\" class=\"menu-item menu-item-type-post_type menu-item-object-page menu-item-1247 nav-item elementskit-mobile-builder-content\" data-vertical-menu=750px><a href=\"https:\/\/cihankartalbioenerji.com\/tr\/sss\/\" class=\"ekit-menu-nav-link\">SSS<\/a><\/li>\n<li id=\"menu-item-1120\" class=\"menu-item menu-item-type-post_type menu-item-object-page menu-item-1120 nav-item elementskit-mobile-builder-content\" data-vertical-menu=750px><a href=\"https:\/\/cihankartalbioenerji.com\/tr\/iletisim\/\" class=\"ekit-menu-nav-link\">\u0130leti\u015fim<\/a><\/li>\n<\/ul><div class=\"elementskit-nav-identity-panel\"><a class=\"elementskit-nav-logo\" href=\"https:\/\/cihankartalbioenerji.com\/tr\" target=\"\" rel=\"\"><img src=\"https:\/\/cihankartalbioenerji.com\/wp-content\/uploads\/2025\/02\/CK-Mavi-Beyaz2.png\" title=\"CK: Mavi- Beyaz:2\" alt=\"CK: Mavi- Beyaz:2\" decoding=\"async\" \/><\/a><button class=\"elementskit-menu-close elementskit-menu-toggler\" type=\"button\">X<\/button><\/div><\/div>\t\t\t\n\t\t\t<div class=\"elementskit-menu-overlay elementskit-menu-offcanvas-elements elementskit-menu-toggler ekit-nav-menu--overlay\"><\/div>        <\/nav>\n\t\t\t\t\t\t<\/div>\n\t\t\t\t<\/div>\n\t\t\t\t<\/div>\n\t\t\t\t\t<\/div>\n\t\t\t\t<\/div>\n\t\t\t\t<\/div>\n\t\t<div class=\"elementor-element elementor-element-d87dce1 e-flex e-con-boxed wpr-particle-no wpr-jarallax-no wpr-parallax-no wpr-sticky-section-no e-con e-parent\" data-id=\"d87dce1\" data-element_type=\"container\" data-settings=\"{&quot;background_background&quot;:&quot;classic&quot;}\">\n\t\t\t\t\t<div class=\"e-con-inner\">\n\t\t\t\t\t<\/div>\n\t\t\t\t<\/div>\n\t\t<div class=\"elementor-element elementor-element-3020e393 e-flex e-con-boxed wpr-particle-no wpr-jarallax-no wpr-parallax-no wpr-sticky-section-no e-con e-parent\" data-id=\"3020e393\" data-element_type=\"container\" data-settings=\"{&quot;background_background&quot;:&quot;classic&quot;}\">\n\t\t\t\t\t<div class=\"e-con-inner\">\n\t\t\t\t<div class=\"elementor-element elementor-element-2442945d elementor-widget elementor-widget-elementskit-heading\" data-id=\"2442945d\" data-element_type=\"widget\" data-widget_type=\"elementskit-heading.default\">\n\t\t\t\t<div class=\"elementor-widget-container\">\n\t\t\t\t\t<div class=\"ekit-wid-con\" ><div class=\"ekit-heading elementskit-section-title-wraper text_center   ekit_heading_tablet-   ekit_heading_mobile-\">\t\t\t\t<span class='ekit-heading__shadow-text'>\n\t\t\t\t\tBio Enerji\t\t\t\t<\/span>\n\t\t\t<h2 class=\"ekit-heading--title elementskit-section-title \">Uzman <span><span>Dan\u0131\u015fmanl\u0131k<\/span><\/span> Hizmetlerimiz<\/h2>\t\t\t\t<div class='ekit-heading__description'>\n\t\t\t\t\t\n<div class=\"text-base my-auto mx-auto py-[18px] px-6\">\n<div class=\"mx-auto flex flex-1 text-base gap-4 md:gap-5 lg:gap-6 md:max-w-3xl lg:max-w-[40rem] xl:max-w-[48rem]\">\n<div class=\"group\/conversation-turn relative flex w-full min-w-0 flex-col agent-turn @xs\/thread:px-0 @sm\/thread:px-1.5 @md\/thread:px-4\">\n<div class=\"flex-col gap-1 md:gap-3\">\n<div class=\"flex max-w-full flex-col flex-grow\">\n<div class=\"min-h-8 text-message relative flex w-full flex-col items-end gap-2 whitespace-normal break-words text-start [.text-message+&amp;]:mt-5\">\n<div class=\"flex w-full flex-col gap-1 empty:hidden first:pt-[3px]\">\n<div class=\"markdown prose w-full break-words dark:prose-invert light\">\n<p>Bedeninizin ve zihninizin dengesini sa\u011flamak i\u00e7in \u00f6zel olarak tasarlanm\u0131\u015f 5 farkl\u0131 dan\u0131\u015fmanl\u0131k hizmetimizle, b\u00fct\u00fcnsel sa\u011fl\u0131\u011f\u0131n\u0131za rehberlik ediyoruz. Bioenerji, ruhsal denge, stres y\u00f6netimi ve ki\u015fisel geli\u015fim alanlar\u0131nda uzman deste\u011fimizle, i\u00e7sel g\u00fcc\u00fcn\u00fcz\u00fc ke\u015ffetmeye haz\u0131r olun. Sizin i\u00e7in en uygun dan\u0131\u015fmanl\u0131\u011f\u0131 se\u00e7in ve d\u00f6n\u00fc\u015f\u00fcm yolculu\u011funuzu ba\u015flat\u0131n!<\/p>\n<\/div>\n<\/div>\n<\/div>\n<\/div>\n<\/div>\n<\/div>\n<\/div>\n<\/div>\n\n<div class=\"pointer-events-none h-px w-px\">\u00a0<\/div>\n\t\t\t\t<\/div>\n\t\t\t<\/div><\/div>\t\t\t\t<\/div>\n\t\t\t\t<\/div>\n\t\t\t\t<div class=\"elementor-element elementor-element-6d1a5447 ekit-image-accordion-hover elementor-widget__width-inherit ekit-image-accordion-mobile-vertical ekit-image-accordion-horizontal elementor-widget elementor-widget-elementskit-image-accordion\" data-id=\"6d1a5447\" data-element_type=\"widget\" data-widget_type=\"elementskit-image-accordion.default\">\n\t\t\t\t<div class=\"elementor-widget-container\">\n\t\t\t\t\t<div class=\"ekit-wid-con\" >\t\t<div class=\"ekit-image-accordion elementskit-image-accordion-wraper\">\n\t\t\t                <input type=\"radio\" name=\"ekit_ia_6d1a5447\" id=\"ekit_ia_6d1a5447_0\" class=\"elementskit-single-image-accordion--input\" hidden>\n                <label for=\"ekit_ia_6d1a5447_0\" class=\"elementskit-single-image-accordion ekit-image-accordion-item\" style=\"background-image: url(https:\/\/cihankartalbioenerji.com\/wp-content\/uploads\/2023\/11\/20944945-scaled.jpg)\">\n                    <span class=\"elementskit-accordion-content\">\n\t\t\t\t\t\t\t\t\t\t\t\t\t<span class=\"elementskit-icon-wraper ekit-image-accordion-actions\">\n\t\t\t\t\t\t\t\t\t\t\t\t\t\t\t\t\t\t\t\t\t\t\t<a href=\"https:\/\/cihankartalbioenerji.com\/tr\/bireysel-danismanlik\/\" role=\"link\" aria-label=\"button-link\" class=\"icon-outline circle\">\n\t\t\t\t\t\t\t\t\t<i aria-hidden=\"true\" class=\"icon icon-link\"><\/i>\t\t\t\t\t\t\t\t\t<\/a>\n\t\t\t\t\t\t\t\t\t\t\t\t\t\t\t<\/span>\n\t\t\t\t\t\t\t\t\t\t\t\t\t\t<span class=\"elementskit-accordion-title-wraper\">\n\t\t\t\t\t\t\t\t<span class=\"elementskit-accordion-title \">\n\t\t\t\t\t\t\t\t\n\t\t\t\t\t\t\t\tBireysel Dan\u0131\u015fmanl\u0131k\n\t\t\t\t\t\t\t\t\t\t\t\t\t\t\t\t<\/span>\n\t\t\t\t\t\t\t<\/span>\n\t\t\t\t\t\t\t                    <\/span>\n                <\/label>\n                            <input type=\"radio\" name=\"ekit_ia_6d1a5447\" id=\"ekit_ia_6d1a5447_1\" class=\"elementskit-single-image-accordion--input\" hidden>\n                <label for=\"ekit_ia_6d1a5447_1\" class=\"elementskit-single-image-accordion ekit-image-accordion-item\" style=\"background-image: url(https:\/\/cihankartalbioenerji.com\/wp-content\/uploads\/2023\/11\/43_ZGl2b3JjZSAwNw-scaled.jpg)\">\n                    <span class=\"elementskit-accordion-content\">\n\t\t\t\t\t\t\t\t\t\t\t\t\t<span class=\"elementskit-icon-wraper ekit-image-accordion-actions\">\n\t\t\t\t\t\t\t\t\t\t\t\t\t\t\t\t\t\t\t\t\t\t\t<a href=\"https:\/\/cihankartalbioenerji.com\/tr\/iliski-danismanligi\/\" role=\"link\" aria-label=\"button-link\" class=\"icon-outline circle\">\n\t\t\t\t\t\t\t\t\t<i aria-hidden=\"true\" class=\"icon icon-link\"><\/i>\t\t\t\t\t\t\t\t\t<\/a>\n\t\t\t\t\t\t\t\t\t\t\t\t\t\t\t<\/span>\n\t\t\t\t\t\t\t\t\t\t\t\t\t\t<span class=\"elementskit-accordion-title-wraper\">\n\t\t\t\t\t\t\t\t<span class=\"elementskit-accordion-title \">\n\t\t\t\t\t\t\t\t\n\t\t\t\t\t\t\t\t\u0130li\u015fki Dan\u0131\u015fmanl\u0131\u011f\u0131\n\t\t\t\t\t\t\t\t\t\t\t\t\t\t\t\t<\/span>\n\t\t\t\t\t\t\t<\/span>\n\t\t\t\t\t\t\t                    <\/span>\n                <\/label>\n                            <input type=\"radio\" name=\"ekit_ia_6d1a5447\" id=\"ekit_ia_6d1a5447_2\" class=\"elementskit-single-image-accordion--input\" checked=\"checked\" hidden>\n                <label for=\"ekit_ia_6d1a5447_2\" class=\"elementskit-single-image-accordion ekit-image-accordion-item\" style=\"background-image: url(https:\/\/cihankartalbioenerji.com\/wp-content\/uploads\/2023\/11\/166_cGVvcGxlLTA5-scaled.jpg)\">\n                    <span class=\"elementskit-accordion-content\">\n\t\t\t\t\t\t\t\t\t\t\t\t\t<span class=\"elementskit-icon-wraper ekit-image-accordion-actions\">\n\t\t\t\t\t\t\t\t\t\t\t\t\t\t\t\t\t\t\t\t\t\t\t<a href=\"https:\/\/cihankartalbioenerji.com\/tr\/aile-danismanligi\/\" role=\"link\" aria-label=\"button-link\" class=\"icon-outline circle\">\n\t\t\t\t\t\t\t\t\t<i aria-hidden=\"true\" class=\"icon icon-link\"><\/i>\t\t\t\t\t\t\t\t\t<\/a>\n\t\t\t\t\t\t\t\t\t\t\t\t\t\t\t<\/span>\n\t\t\t\t\t\t\t\t\t\t\t\t\t\t<span class=\"elementskit-accordion-title-wraper\">\n\t\t\t\t\t\t\t\t<span class=\"elementskit-accordion-title \">\n\t\t\t\t\t\t\t\t\n\t\t\t\t\t\t\t\tAile Dan\u0131\u015fmanl\u0131\u011f\u0131\n\t\t\t\t\t\t\t\t\t\t\t\t\t\t\t\t<\/span>\n\t\t\t\t\t\t\t<\/span>\n\t\t\t\t\t\t\t                    <\/span>\n                <\/label>\n                            <input type=\"radio\" name=\"ekit_ia_6d1a5447\" id=\"ekit_ia_6d1a5447_3\" class=\"elementskit-single-image-accordion--input\" hidden>\n                <label for=\"ekit_ia_6d1a5447_3\" class=\"elementskit-single-image-accordion ekit-image-accordion-item\" style=\"background-image: url(https:\/\/cihankartalbioenerji.com\/wp-content\/uploads\/2023\/11\/3918491.jpg)\">\n                    <span class=\"elementskit-accordion-content\">\n\t\t\t\t\t\t\t\t\t\t\t\t\t<span class=\"elementskit-icon-wraper ekit-image-accordion-actions\">\n\t\t\t\t\t\t\t\t\t\t\t\t\t\t\t\t\t\t\t\t\t\t\t<a href=\"https:\/\/cihankartalbioenerji.com\/tr\/soru-cevap\/\" role=\"link\" aria-label=\"button-link\" class=\"icon-outline circle\">\n\t\t\t\t\t\t\t\t\t<i aria-hidden=\"true\" class=\"icon icon-link\"><\/i>\t\t\t\t\t\t\t\t\t<\/a>\n\t\t\t\t\t\t\t\t\t\t\t\t\t\t\t<\/span>\n\t\t\t\t\t\t\t\t\t\t\t\t\t\t<span class=\"elementskit-accordion-title-wraper\">\n\t\t\t\t\t\t\t\t<span class=\"elementskit-accordion-title \">\n\t\t\t\t\t\t\t\t\n\t\t\t\t\t\t\t\tSoru &amp; Cevap\n\t\t\t\t\t\t\t\t\t\t\t\t\t\t\t\t<\/span>\n\t\t\t\t\t\t\t<\/span>\n\t\t\t\t\t\t\t                    <\/span>\n                <\/label>\n                            <input type=\"radio\" name=\"ekit_ia_6d1a5447\" id=\"ekit_ia_6d1a5447_4\" class=\"elementskit-single-image-accordion--input\" hidden>\n                <label for=\"ekit_ia_6d1a5447_4\" class=\"elementskit-single-image-accordion ekit-image-accordion-item\" style=\"background-image: url(https:\/\/cihankartalbioenerji.com\/wp-content\/uploads\/2023\/11\/Depressed-people-counseling-with-psychologist-scaled.jpg)\">\n                    <span class=\"elementskit-accordion-content\">\n\t\t\t\t\t\t\t\t\t\t\t\t\t<span class=\"elementskit-icon-wraper ekit-image-accordion-actions\">\n\t\t\t\t\t\t\t\t\t\t\t\t\t\t\t\t\t\t\t\t\t\t\t<a href=\"https:\/\/cihankartalbioenerji.com\/tr\/grup-danismanligi\/\" role=\"link\" aria-label=\"button-link\" class=\"icon-outline circle\">\n\t\t\t\t\t\t\t\t\t<i aria-hidden=\"true\" class=\"icon icon icon-link\"><\/i>\t\t\t\t\t\t\t\t\t<\/a>\n\t\t\t\t\t\t\t\t\t\t\t\t\t\t\t<\/span>\n\t\t\t\t\t\t\t\t\t\t\t\t\t\t<span class=\"elementskit-accordion-title-wraper\">\n\t\t\t\t\t\t\t\t<span class=\"elementskit-accordion-title \">\n\t\t\t\t\t\t\t\t\n\t\t\t\t\t\t\t\tGrup Dan\u0131\u015fmanl\u0131\u011f\u0131\n\t\t\t\t\t\t\t\t\t\t\t\t\t\t\t\t<\/span>\n\t\t\t\t\t\t\t<\/span>\n\t\t\t\t\t\t\t                    <\/span>\n                <\/label>\n                    <\/div>\n    <\/div>\t\t\t\t<\/div>\n\t\t\t\t<\/div>\n\t\t\t\t\t<\/div>\n\t\t\t\t<\/div>\n\t\t\t\t<\/div>\n\t\t","protected":false},"excerpt":{"rendered":"<p>+90 537 400 24 40 info@cihankartalbioenerji.com Kad\u0131k\u00f6y \/ \u0130stanbul Ana Sayfa Hakk\u0131mda Dan\u0131\u015fmanl\u0131k E\u011fitimler Aile Dan\u0131\u015fmanl\u0131\u011f\u0131 Ko\u00e7luk ve Dan\u0131\u015fmanl\u0131k \u00c7ocuk Geli\u015fimi SSS \u0130leti\u015fim X Bio Enerji Uzman Dan\u0131\u015fmanl\u0131k Hizmetlerimiz Bedeninizin ve zihninizin dengesini sa\u011flamak i\u00e7in \u00f6zel olarak tasarlanm\u0131\u015f 5 farkl\u0131 dan\u0131\u015fmanl\u0131k hizmetimizle, b\u00fct\u00fcnsel sa\u011fl\u0131\u011f\u0131n\u0131za rehberlik ediyoruz. Bioenerji, ruhsal denge, stres y\u00f6netimi ve ki\u015fisel geli\u015fim alanlar\u0131nda uzman deste\u011fimizle, i\u00e7sel g\u00fcc\u00fcn\u00fcz\u00fc ke\u015ffetmeye haz\u0131r olun. Sizin i\u00e7in en uygun dan\u0131\u015fmanl\u0131\u011f\u0131 se\u00e7in ve d\u00f6n\u00fc\u015f\u00fcm yolculu\u011funuzu ba\u015flat\u0131n! \u00a0 Bireysel Dan\u0131\u015fmanl\u0131k \u0130li\u015fki Dan\u0131\u015fmanl\u0131\u011f\u0131 Aile Dan\u0131\u015fmanl\u0131\u011f\u0131 Soru &amp; Cevap Grup Dan\u0131\u015fmanl\u0131\u011f\u0131<\/p>\n","protected":false},"author":1,"featured_media":0,"parent":0,"menu_order":0,"comment_status":"closed","ping_status":"closed","template":"elementor_canvas","meta":{"_eb_attr":"","footnotes":""},"class_list":["post-1551","page","type-page","status-publish","hentry"],"_links":{"self":[{"href":"https:\/\/cihankartalbioenerji.com\/tr\/wp-json\/wp\/v2\/pages\/1551","targetHints":{"allow":["GET"]}}],"collection":[{"href":"https:\/\/cihankartalbioenerji.com\/tr\/wp-json\/wp\/v2\/pages"}],"about":[{"href":"https:\/\/cihankartalbioenerji.com\/tr\/wp-json\/wp\/v2\/types\/page"}],"author":[{"embeddable":true,"href":"https:\/\/cihankartalbioenerji.com\/tr\/wp-json\/wp\/v2\/users\/1"}],"replies":[{"embeddable":true,"href":"https:\/\/cihankartalbioenerji.com\/tr\/wp-json\/wp\/v2\/comments?post=1551"}],"version-history":[{"count":8,"href":"https:\/\/cihankartalbioenerji.com\/tr\/wp-json\/wp\/v2\/pages\/1551\/revisions"}],"predecessor-version":[{"id":1569,"href":"https:\/\/cihankartalbioenerji.com\/tr\/wp-json\/wp\/v2\/pages\/1551\/revisions\/1569"}],"wp:attachment":[{"href":"https:\/\/cihankartalbioenerji.com\/tr\/wp-json\/wp\/v2\/media?parent=1551"}],"curies":[{"name":"wp","href":"https:\/\/api.w.org\/{rel}","templated":true}]}}